{"id":13,"date":"2025-10-09T11:09:44","date_gmt":"2025-10-09T11:09:44","guid":{"rendered":"https:\/\/veaf.eu\/veafcms\/?page_id=13"},"modified":"2025-11-01T11:39:30","modified_gmt":"2025-11-01T11:39:30","slug":"intro","status":"publish","type":"page","link":"https:\/\/veaf.eu\/veafcms\/","title":{"rendered":"<div align=\"center\">INTRO<\/div align>"},"content":{"rendered":"<style type=\"text\/css\">\r\na {text-decoration: none;}\r\ntable {border: none;}\r\ntd {border: none;}\r\n<\/style>\r\n\r\n<hr style=\"border: none; border-top: 1px dotted #666666; background-color: #dddddd; height: 1px;\" \/>\r\n<div style=\"font-size: 90%;\"><p style=\"text-align: left; font-size: 69%;\"><img loading=\"lazy\" decoding=\"async\" src=\"https:\/\/veaf.eu\/veafcms\/wp-content\/uploads\/NORTH-ATLANTIC-ALLIANCE-VEAFNATOVEDF-2.png\" alt=\"\" width=\"4956\" height=\"936\" class=\"alignnone size-full wp-image-494\" \/><\/div>\r\n<div style=\"text-align: center; font-size: 69%;\">\u00a9 2025 VEAF<\/div> \r\n<hr style=\"border: none; border-top: 1px dotted #666666; background-color: #dddddd; height: 1px;\" \/>\r\n\r\n<p style=\"text-align: center;\"><strong><H5>WELCOME TO THE VIRTUAL EUROPEAN AIR FORCE VEAF AS PART OF THE VIRTUAL EUROPEAN DEFENCE FORCE VEDF<\/H5><\/strong><\/p>\r\n<p style=\"text-align: justify;\">The relaunching and development of the VIRTUAL EUROPEAN AIR FORCE &#8211; VEAF, as a non-profit, non-associated, fictitious organization, but highly realistic and in the spirit of the real principles of the EU, the North Atlantic Treaty Organization NATO and the UN Charter.<\/p>\r\n<p style=\"text-align: justify;\">The generally aim is to simulate the development of an independent European Defence Force System for the EU, the VIRTUAL EUROPEAN DEFENCE FORCE &#8211; VEDF, with the long-term preservation and further development of the partnership with the North Atlantic Alliance NATO &#8211; NAA. And from it, in particular, the Subsystem of the VIRTUAL EUROPEAN AIR FORCE \u2013 VEAF in conjunction with the VIRTUAL NORTH ATLANTIC ALLIANCE &#8211; VNAA.<\/p>\r\n<p style=\"text-align: justify;\">\r\n<em>+++\r\n<strong>We must take all possible and desirable cooperation steps in defence as well, in order to fundamentally strengthen awareness of our togetherness, peace, security and freedom and to be able to continue to guarantee them!<\/strong>\r\n+++<\/em>\r\n<\/p>\r\n<p style=\"text-align: justify;\">The justification and legitimacy is based on the current scientific knowledge:<br \/>1. &#8220;&#8230; The ability of the Europeans to act independently in the defense sector, whether consciously sought or accepted through transatlantic changes, cannot be achieved in the short term without the USA. &#8230;&#8221; by Dr. Claudia Major, Research Associate in the Security Policy Research Group, SWP &#8211; Stiftung Wissenschaft und Politik, Study November 25, 2019, Berlin.<br \/>2. Russian attack on Ukraine: A turning point for Euro-Atlantic security &#8211; by SWP &#8211; Stiftung Wissenschaft und Politik, February 28, 2022, Berlin.<br \/>3. &#8220;&#8230; NATO\u2019s North Atlantic Treaty signed on 4 April 1949 \u2013 makes clear that the UN Charter is the framework within which the Alliance operates. &#8230;&#8221;, by NATO, Relations with the United Nations, October 05, 2021.<br \/>4. Interoperability: Embrace it or Fail! &#8211; by Maj. Gen. Rodney Fogg, Australian Army Lt. Col. Simon Heritage, French Army Lt. Col. Thierry Balga, and British Army Lt. Col. Mark Stuart, February 10, 2020.<\/p>\r\n<p style=\"text-align: justify;\">The target group should be as follows:<br \/>all interested and enthusiasts Virtual Pilots, from 18 years old, with origin from education, from active or retired professional circles, and other people from the contextual circles. The selected Candidates for admission must be exclusively citizens of the real EU Member States and\/or real NATO Member States.<\/p>\r\n<p style=\"text-align: justify;\">The X-Plane\u00ae, MSFS and P3D flight simulators with the default Add-Ons and further by HQ &#038; MAJCOM approved Add-Ons are our Operation Plattforms for the Offline and\/or Online Missions with IVAO and\/or VATSIM.\r\nThe focal points of the activities in the VEAF are binding, unavoidable and limited exclusively to the defence of the real EU and real NATO Member States. The deployment and operational airspaces are binding, unavoidable and limited exclusively to those of the real EU and real NATO Member States and\/or the worldwide International conflict-free airspaces.\r\nThe flights under the flag of the United Nations Peacekeeping are considered as special operations that are planned in close coordination with HQ &#038; MAJCOM.<\/p> \r\n<p style=\"text-align: justify;\">The project is restarted as a research and development work of a highly motivated, enthusiastic, and selected loyal Members on a voluntary basis.<\/p>\r\n<p style=\"text-align: justify;\">Interested to join? Please do not hesitate to formulate your questions in detail, I will answer them as soon as possible!<br \/>Please Email me to info(at)veaf.eu<\/p>\r\n\r\n<hr style=\"border: none; border-top: 1px dotted #666666; background-color: #dddddd; height: 1px;\" \/>\r\n<div style=\"font-size: 90%;\"><p style=\"text-align: left; font-size: 69%;\"><img loading=\"lazy\" decoding=\"async\" src=\"https:\/\/veaf.eu\/veafcms\/wp-content\/uploads\/NORTH-ATLANTIC-ALLIANCE-VEAFNATOVEDF-2.png\" alt=\"\" width=\"4956\" height=\"936\" class=\"alignnone size-full wp-image-494\" \/><\/div>\r\n<div style=\"text-align: center; font-size: 69%;\">\u00a9 2025 VEAF<\/div> \r\n<hr style=\"border: none; border-top: 1px dotted #666666; background-color: #dddddd; height: 1px;\" \/>\r\n\r\n<p style=\"text-align: center;\"><strong><H5>WILLKOMMEN BEI DER VIRTUELLEN EUROP\u00c4ISCHEN LUFTWAFFE VEAF ALS TEIL DER VIRTUELLEN EUROP\u00c4ISCHEN VERTEIDIGUNG VEDF<\/H5><\/strong><\/p>\r\n<p style=\"text-align: justify;\">Der Neustart und die Entwicklung der VIRTUELLEN EUROP\u00c4ISCHEN LUFTWAFFE \u2013 VEAF, als gemeinn\u00fctzige, nicht assoziierte, fiktive Organisation, aber im h\u00f6chsten Ma\u00df realit\u00e4tsbezogen und im Geiste der realen Prinzipien der EU, der Nordatlantikpakt-Organisation NATO und die UN-Charta.<\/p>\r\n<p style=\"text-align: justify;\">Generelles Ziel ist die Simulation des Aufbaus eines eigenst\u00e4ndigen europ\u00e4ischen Verteidigungsstreitkr\u00e4ftesystems f\u00fcr die EU, der VIRTUAL EUROPEAN DEFENCE FORCE \u2013 VEDF, bei langfristiger Erhaltung und Weiterentwicklung der Partnerschaft mit der Nordatlantische Allianz NATO \u2013 NAA. Und daraus insbesondere das Subsystem des VIRTUAL EUROPEAN AIR FORCE \u2013 VEAF in Verbindung mit dem VIRTUAL NORTH ATLANTIC ALLIANCE &#8211; VNAA.<\/p>\r\n<p style=\"text-align: justify;\">\r\n<em>+++\r\n<strong>Wir m\u00fcssen alle m\u00f6glichen und w\u00fcnschenswerten Kooperationsschritte auch in der Verteidigung durchf\u00fchren, um grunds\u00e4tzlich das Bewusstsein \u00fcber unsere Zusammengeh\u00f6rigkeit, Frieden, Sicherheit und Freiheit zu festigen bzw. diese weiterhin garantieren zu k\u00f6nnen!<\/strong>\r\n<\/em>+++\r\n<\/p>\r\n<p style=\"text-align: justify;\">Die Begr\u00fcndung und Legitimation basiert auf den aktuellen wissenschaftlichen Erkenntnissen:<br \/>1. &#8220;&#8230; Die F\u00e4higkeit der Europ\u00e4er zu eigenst\u00e4ndigem Handeln im Verteidigungsbereich, ob bewusst angestrebt oder durch transatlantische Ver\u00e4nderungen akzeptiert, ist ohne die USA kurzfristig nicht zu erreichen. &#8230;&#8221; von Dr. Claudia Major, wissenschaftliche Mitarbeiterin in der Forschungsgruppe Sicherheitspolitik, SWP &#8211; Stiftung Wissenschaft und Politik &#8211; Studie 25. November 2019, Berlin.<br \/>2. Russischer Angriff auf die Ukraine: Zeitenwende f\u00fcr die euro-atlantische Sicherheit &#8211; von SWP &#8211; Stiftung Wissenschaft und Politik, 28. Februar 2022, Berlin.<br \/>3. &#8220;&#8230; der am 4. April 1949 unterzeichnete Nordatlantikvertrag der NATO \u2013 macht deutlich, dass die UN-Charta der Rahmen ist, in dem das B\u00fcndnis operiert. &#8230;&#8221;, von NATO, Relations with the United Nations, 5. Oktober 2021.<br \/>4. Interoperability: Embrace it or Fail! &#8211; by Maj. Gen. Rodney Fogg, Australian Army Lt. Col. Simon Heritage, French Army Lt. Col. Thierry Balga, and British Army Lt. Col. Mark Stuart, February 10, 2020.<\/p>\r\n<p style=\"text-align: justify;\">Die Zielgruppe sollte wie folgt sein:<br \/>alle interessierten und begeisterten virtuellen Piloten, ab 18 Jahren Alter, mit Herkunft aus der Ausbildung, aus aktiven oder pensionierten Berufskreisen, und andere Personen aus dem kontextuellen Umfeld. F\u00fcr die Zulassung ausgew\u00e4hlten Kandidaten m\u00fcssen ausschlie\u00dflich B\u00fcrger der realen EU- und\/oder der realen NATO-Mitgliedstaaten sein.<\/p>\r\n<p style=\"text-align: justify;\">Die Flugsimulatoren X-Plane\u00ae, MSFS und P3D mit den Standard-Add-Ons und weiteren von HQ &#038; MAJCOM genehmigten Add-Ons sind unsere Operationsplattformen f\u00fcr die Offline- und\/oder Online-Missionen mit IVAO und\/oder VATSIM. \r\nDie Schwerpunkte der Aktivit\u00e4ten im VEAF sind verbindlich, unausweichlich und ausschlie\u00dflich auf die Verteidigung der realen EU- und\/oder der realen NATO-Mitgliedstaaten beschr\u00e4nkt. Die Einsatz- und Operationen-Luftr\u00e4ume sind verbindlich, unausweichlich und ausschlie\u00dflich auf die der realen Luftr\u00e4umen der EU- und\/oder NATO-Mitgliedstaaten bzw. der weltweiten internationalen konfliktfreien Luftr\u00e4umen beschr\u00e4nkt.\r\nDie Fl\u00fcge unter der Flagge der United Nations Peacekeeping gelten als Spezialoperationen die in engere Abstimmung mit HQ &#038; MAJCOM geplant werden.<\/p>\r\n<p style=\"text-align: justify;\">Das Projekt wurde als Forschungs- und Entwicklungsarbeit von hochmotivierten, begeisterten und ausgew\u00e4hlten loyalen Mitgliedern, auf freiwilliger Basis, neu gestartet.<\/p>\r\n<p style=\"text-align: justify;\">Interessiert mitzumachen? Bitte z\u00f6gern Sie nicht, Ihre Fragen ausf\u00fchrlich zu formulieren, ich werde diese so schnell wie m\u00f6glich beantworten! Bitte senden Sie mir eine E-Mail an info(at)veaf.eu<\/p>\r\n\r\n<hr style=\"border: none; border-top: 1px dotted #666666; background-color: #dddddd; height: 1px;\" \/>\r\n<div style=\"font-size: 90%;\"><p style=\"text-align: left; font-size: 69%;\"><img loading=\"lazy\" decoding=\"async\" src=\"https:\/\/veaf.eu\/veafcms\/wp-content\/uploads\/NORTH-ATLANTIC-ALLIANCE-VEAFNATOVEDF-2.png\" alt=\"\" width=\"4956\" height=\"936\" class=\"alignnone size-full wp-image-494\" \/><\/div>\r\n<div style=\"text-align: center; font-size: 69%;\">\u00a9 2025 VEAF<\/div> \r\n<hr style=\"border: none; border-top: 1px dotted #666666; background-color: #dddddd; height: 1px;\" \/>\r\n\r\n<p style=\"text-align: center;\"><strong><H5>BIENVENUE DANS LA FORCE AERIENNE EUROPEENNE VIRTUELLE VEAF DANS LE CADRE DE LA DEFENSE EUROPEENNE VIRTUELLE VEDF<\/H5><\/strong><\/p>\r\n<p style=\"text-align: justify;\">Le red\u00e9marrage et le d\u00e9veloppement de la VIRTUAL EUROPEAN AIR FORCE &#8211; VEAF, en tant qu&#8217;organisation fictive \u00e0 but non lucratif, non affili\u00e9e, mais tr\u00e8s r\u00e9aliste et dans l&#8217;esprit des vrais principes de l&#8217;UE, de l&#8217;OTAN de l&#8217;Organisation du Trait\u00e9 de l&#8217;Atlantique Nord et la Charte des Nations Unies.<\/p>\r\n<p style=\"text-align: justify;\">L&#8217;objectif g\u00e9n\u00e9ral est de simuler le d\u00e9veloppement d&#8217;un syst\u00e8me de force de d\u00e9fense europ\u00e9en ind\u00e9pendant pour l&#8217;UE, la VIRTUAL EUROPEAN DEFENCE FORCE &#8211; VEDF, avec la pr\u00e9servation \u00e0 long terme et le d\u00e9veloppement ult\u00e9rieur du partenariat avec l&#8217;Alliance de l&#8217;Atlantique Nord OTAN &#8211; NAA. Et \u00e0 partir de l\u00e0, en particulier, le sous-syst\u00e8me de la VIRTUAL EUROPEAN AIR FORCE &#8211; VEAF en collaboration avec la VIRTUAL NORTH ATLANTIC ALLIANCE &#8211; VNAA.<\/p>\r\n<p style=\"text-align: justify;\">\r\n<em>+++\r\n<strong>Nous devons mener \u00e0 bien toutes les \u00e9tapes de coop\u00e9ration possibles et souhaitables, \u00e9galement dans le domaine de la d\u00e9fense, afin de renforcer fondamentalement la conscience de notre unit\u00e9, de notre paix, de notre s\u00e9curit\u00e9 et de notre libert\u00e9 et de pouvoir continuer \u00e0 les garantir !<\/strong>\r\n+++<\/em>\r\n<\/p>\r\n<p style=\"text-align: justify;\">La justification et la l\u00e9gitimit\u00e9 reposent sur les connaissances scientifiques actuelles : <br \/>\r\n1. &#8220;&#8230; La capacit\u00e9 des Europ\u00e9ens \u00e0 agir de mani\u00e8re ind\u00e9pendante dans le secteur de la d\u00e9fense, qu&#8217;elle soit consciemment recherch\u00e9e ou accept\u00e9e par les changements transatlantiques, ne peut \u00eatre atteinte \u00e0 court terme sans les \u00c9tats-Unis. &#8230;&#8221;  &#8211; par Dr. Claudia Major, associ\u00e9e de recherche au sein du groupe de recherche sur les politiques de s\u00e9curit\u00e9, SWP &#8211; Stiftung Wissenschaft und Politik &#8211; \u00c9tude du 25 novembre 2019, Berlin. <br \/>\r\n2. Russian Attack on Ukraine: Changing Times for Euro-Atlantic Security &#8211; par SWP &#8211; Stiftung Wissenschaft und Politik, 28 f\u00e9vrier 2022, Berlin.<br \/>\r\n3. &#8220;&#8230; Le Trait\u00e9 de l&#8217;Atlantique Nord de l&#8217;OTAN sign\u00e9 le 4 avril 1949 &#8211; indique clairement que la Charte des Nations Unies est le cadre dans lequel l&#8217;Alliance op\u00e8re. &#8230;&#8221;, par l&#8217;OTAN, Relations avec les Nations Unies, 05 octobre 2021.<br \/>4. Interoperability: Embrace it or Fail! &#8211; by Maj. Gen. Rodney Fogg, Australian Army Lt. Col. Simon Heritage, French Army Lt. Col. Thierry Balga, and British Army Lt. Col. Mark Stuart, February 10, 2020.<\/p>\r\n<p style=\"text-align: justify;\">Le public cible doit \u00eatre le suivant\u00a0: <br \/>\r\ntous les pilotes virtuels int\u00e9ress\u00e9s et enthousiastes, \u00e0 partir de 18 ans, issus de la formation, des milieux professionnels actifs ou retrait\u00e9s, et autres personnes de l&#8217;environnement contextuel. Les candidats s\u00e9lectionn\u00e9s pour l&#8217;admission doivent \u00eatre citoyens de v\u00e9ritables \u00c9tats membres de l&#8217;UE et \/ ou de l&#8217;OTAN uniquement.<\/p>\r\n<p style=\"text-align: justify;\">Les simulateurs de vol X-Plane\u00ae, MSFS et P3D avec les modules compl\u00e9mentaires par d\u00e9faut et en outre par les modules compl\u00e9mentaires approuv\u00e9s par HQ &#038; MAJCOM sont nos plates-formes d&#8217;op\u00e9ration pour les missions hors ligne et\/ou en ligne avec IVAO et\/ou VATSIM. \r\nLa concentration des activit\u00e9s dans le VEAF est obligatoire, incontournable et limit\u00e9e uniquement \u00e0 la d\u00e9fense de la v\u00e9ritable UE et\/ou des v\u00e9ritables \u00c9tats membres de l&#8217;OTAN. Les espaces a\u00e9riens op\u00e9rationnels sont obligatoires, incontournables et limit\u00e9s uniquement \u00e0 ceux des espaces a\u00e9riens r\u00e9els des \u00c9tats membres de l&#8217;UE et\/ou de l&#8217;OTAN ou des espaces a\u00e9riens internationaux sans conflit dans le monde.\r\nLes vols sous le drapeau du United Nations Peacekeeping sont consid\u00e9r\u00e9s comme des op\u00e9rations sp\u00e9ciales qui sont planifi\u00e9es en \u00e9troite coordination avec le HQ &#038; MAJCOM.<\/p> \r\n<p style=\"text-align: justify;\">Le projet a \u00e9t\u00e9 relanc\u00e9 comme un travail de recherche et d\u00e9veloppement par des membres fid\u00e8les tr\u00e8s motiv\u00e9s, enthousiastes et s\u00e9lectionn\u00e9s, sur une base volontaire. Int\u00e9ress\u00e9 \u00e0 rejoindre? N&#8217;h\u00e9sitez pas \u00e0 formuler vos questions en d\u00e9tail, j&#8217;y r\u00e9pondrai dans les plus brefs d\u00e9lais ! Veuillez m&#8217;envoyer un e-mail \u00e0 info(at)veaf.eu<\/p><br>\r\n<img loading=\"lazy\" decoding=\"async\" class=\" wp-image-7 alignleft\" src=\"https:\/\/veaf.eu\/veafcms\/wp-content\/uploads\/2025\/10\/cropped-VEAF-AVATAR-300x300.png\" alt=\"\" width=\"146\" height=\"146\" \/><br \/>\r\n<p>Johann A.G. Baloghy<br \/>VEAF-CINC, CEO, R&#038;D<br \/><strong>HQ &amp; MAJCOM<\/strong><\/p>\r\n<p>&nbsp;<\/p>\r\n<\/div>\r\n\r\n<hr style=\"border: none; border-top: 1px dotted #666666; background-color: #dddddd; height: 1px;\" \/>\r\n\r\n<p style=\"text-align: center;\"><strong><span style=\"color: #0000ff;\">YOUR LOCATION DATA<\/span><br \/><\/strong><span style=\"color: #0000ff;\">IP: <span class=\"user-ip-placeholder\" data-type=\"ip\"><\/span> <\/span><br \/><span style=\"color: #0000ff;\">Continent Name: <span class=\"user-ip-placeholder\" data-type=\"continent\"><\/span> <\/span><br \/><span style=\"color: #0000ff;\">Country Name: <span class=\"user-ip-placeholder\" data-type=\"country\"><\/span> <\/span><br \/><span style=\"color: #0000ff;\">Country Code: <span class=\"user-ip-placeholder\" data-type=\"countrycode\"><\/span> <\/span><br \/><span style=\"color: #0000ff;\">Region: <span class=\"user-ip-placeholder\" data-type=\"region\"><\/span> <\/span><br \/><span style=\"color: #0000ff;\">Region Name: <span class=\"user-ip-placeholder\" data-type=\"regionname\"><\/span> <\/span><br \/><span style=\"color: #0000ff;\">City: <span class=\"user-ip-placeholder\" data-type=\"city\"><\/span> <\/span><br \/><span style=\"color: #0000ff;\">ZIP\/Postal Code: <span class=\"user-ip-placeholder\" data-type=\"zip\"><\/span> <\/span><br \/><span style=\"color: #0000ff;\">Latitude: <span class=\"user-ip-placeholder\" data-type=\"lat\"><\/span> <\/span><br \/><span style=\"color: #0000ff;\">Longitude: <span class=\"user-ip-placeholder\" data-type=\"lon\"><\/span><\/span><br \/><span style=\"color: #0000ff;\">The VEAF uses the IP2Location LITE database for <a href=\"https:\/\/lite.ip2location.com\">IP geolocation<\/a><\/span><\/p>\r\n\r\n<hr style=\"border: none; border-top: 1px dotted #666666; background-color: #dddddd; height: 1px;\" \/>","protected":false},"excerpt":{"rendered":"<p>\u00a9 2025 VEAF WELCOME TO THE VIRTUAL EUROPEAN AIR FORCE VEAF AS PART OF THE VIRTUAL EUROPEAN DEFENCE FORCE VEDF The relaunching and development of the VIRTUAL EUROPEAN AIR FORCE &#8211; VEAF, as a non-profit, non-associated, fictitious organization, but highly realistic and in the spirit of the real principles of the EU, the North Atlantic &#8230; <a title=\"INTRO\" class=\"read-more\" href=\"https:\/\/veaf.eu\/veafcms\/\" aria-label=\"Read more about INTRO\">Read more<\/a><\/p>\n","protected":false},"author":1,"featured_media":0,"parent":0,"menu_order":0,"comment_status":"closed","ping_status":"closed","template":"","meta":{"footnotes":""},"class_list":["post-13","page","type-page","status-publish"],"_links":{"self":[{"href":"https:\/\/veaf.eu\/veafcms\/wp-json\/wp\/v2\/pages\/13","targetHints":{"allow":["GET"]}}],"collection":[{"href":"https:\/\/veaf.eu\/veafcms\/wp-json\/wp\/v2\/pages"}],"about":[{"href":"https:\/\/veaf.eu\/veafcms\/wp-json\/wp\/v2\/types\/page"}],"author":[{"embeddable":true,"href":"https:\/\/veaf.eu\/veafcms\/wp-json\/wp\/v2\/users\/1"}],"replies":[{"embeddable":true,"href":"https:\/\/veaf.eu\/veafcms\/wp-json\/wp\/v2\/comments?post=13"}],"version-history":[{"count":48,"href":"https:\/\/veaf.eu\/veafcms\/wp-json\/wp\/v2\/pages\/13\/revisions"}],"predecessor-version":[{"id":78,"href":"https:\/\/veaf.eu\/veafcms\/wp-json\/wp\/v2\/pages\/13\/revisions\/78"}],"wp:attachment":[{"href":"https:\/\/veaf.eu\/veafcms\/wp-json\/wp\/v2\/media?parent=13"}],"curies":[{"name":"wp","href":"https:\/\/api.w.org\/{rel}","templated":true}]}}